{"id":856,"date":"2020-01-29T20:19:23","date_gmt":"2020-01-29T19:19:23","guid":{"rendered":"http:\/\/www.wisthaler.com\/index.php\/portfolio\/astratto\/"},"modified":"2025-08-27T16:10:46","modified_gmt":"2025-08-27T14:10:46","slug":"astratto","status":"publish","type":"page","link":"https:\/\/www.wisthaler.com\/index.php\/portfolio\/astratto\/?lang=it","title":{"rendered":"Astratto"},"content":{"rendered":"<p>[et_pb_section fb_built=&#8220;1&#8243; _builder_version=&#8220;4.16&#8243; background_color=&#8220;rgba(0,0,0,0)&#8220; custom_padding=&#8220;40px||||false|false&#8220; global_colors_info=&#8220;{}&#8220;][et_pb_row column_structure=&#8220;1_2,1_2&#8243; use_custom_gutter=&#8220;on&#8220; gutter_width=&#8220;2&#8243; module_class=&#8220;lightbox-group-1&#8243; _builder_version=&#8220;4.16&#8243; width=&#8220;80vw&#8220; width_tablet=&#8220;&#8220; width_phone=&#8220;100%&#8220; width_last_edited=&#8220;on|phone&#8220; custom_padding=&#8220;36px||40px|||&#8220; global_colors_info=&#8220;{}&#8220;][et_pb_column type=&#8220;1_2&#8243; _builder_version=&#8220;4.16&#8243; custom_css_main_element=&#8220;margin-bottom: 0px;&#8220; global_colors_info=&#8220;{}&#8220;][et_pb_blurb title=&#8220;Astratto&#8220; use_icon=&#8220;on&#8220; font_icon=&#8220;&#x5c;||divi||400&#8243; icon_placement=&#8220;left&#8220; content_max_width_tablet=&#8220;&#8220; content_max_width_phone=&#8220;80%&#8220; content_max_width_last_edited=&#8220;on|phone&#8220; _builder_version=&#8220;4.16&#8243; custom_padding=&#8220;5vh||5vh||false|false&#8220; custom_padding_tablet=&#8220;58px||50px||false|false&#8220; custom_padding_phone=&#8220;0px||||false|false&#8220; custom_padding_last_edited=&#8220;on|phone&#8220; global_colors_info=&#8220;{}&#8220;]Per me, la fotografia astratta \u00e8 la combinazione tra luce e natura. Con la fotografia della luce posso mostrare ci\u00f2 che normalmente \u00e8 immerso nel buio. Riesco letteralmente a portarlo \u201calla luce del giorno\u201d.[\/et_pb_blurb][et_pb_image src=&#8220;https:\/\/www.wisthaler.com\/wp-content\/uploads\/2020\/01\/harald_StandOrt3.jpg&#8220; show_in_lightbox=&#8220;on&#8220; use_overlay=&#8220;on&#8220; overlay_icon_color=&#8220;#575757&#8243; hover_overlay_color=&#8220;rgba(255,255,255,0.25)&#8220; _builder_version=&#8220;4.16&#8243; custom_padding=&#8220;|||110px||&#8220; custom_padding_tablet=&#8220;|||0px|false|false&#8220; custom_padding_phone=&#8220;&#8220; custom_padding_last_edited=&#8220;on|tablet&#8220; global_colors_info=&#8220;{}&#8220;][\/et_pb_image][et_pb_image src=&#8220;https:\/\/www.wisthaler.com\/wp-content\/uploads\/2020\/03\/4.jpg&#8220; show_in_lightbox=&#8220;on&#8220; use_overlay=&#8220;on&#8220; overlay_icon_color=&#8220;#575757&#8243; hover_overlay_color=&#8220;rgba(255,255,255,0.25)&#8220; _builder_version=&#8220;4.16&#8243; global_colors_info=&#8220;{}&#8220;][\/et_pb_image][et_pb_image src=&#8220;https:\/\/www.wisthaler.com\/wp-content\/uploads\/2020\/01\/wisthaler_webseite-1_07-15_05_HAW_8814.jpg&#8220; show_in_lightbox=&#8220;on&#8220; use_overlay=&#8220;on&#8220; overlay_icon_color=&#8220;#575757&#8243; hover_overlay_color=&#8220;rgba(255,255,255,0.25)&#8220; _builder_version=&#8220;4.16&#8243; custom_padding=&#8220;|||111px||&#8220; custom_padding_tablet=&#8220;|||0px|false|false&#8220; custom_padding_phone=&#8220;&#8220; custom_padding_last_edited=&#8220;on|tablet&#8220; global_colors_info=&#8220;{}&#8220;][\/et_pb_image][et_pb_image src=&#8220;https:\/\/www.wisthaler.com\/wp-content\/uploads\/2025\/04\/\u00a9wisthaler.com_23_11_licht_brk__HW87936.jpg&#8220; show_in_lightbox=&#8220;on&#8220; use_overlay=&#8220;on&#8220; overlay_icon_color=&#8220;#575757&#8243; hover_overlay_color=&#8220;rgba(255,255,255,0.25)&#8220; _builder_version=&#8220;4.27.4&#8243; custom_padding=&#8220;|||110px||&#8220; custom_padding_tablet=&#8220;|||0px|false|false&#8220; custom_padding_phone=&#8220;&#8220; custom_padding_last_edited=&#8220;on|tablet&#8220; hover_enabled=&#8220;0&#8243; global_colors_info=&#8220;{}&#8220; title_text=&#8220;\u00a9wisthaler.com_23_11_licht_brk__HW87936&#8243; sticky_enabled=&#8220;0&#8243;][\/et_pb_image][et_pb_image src=&#8220;https:\/\/www.wisthaler.com\/wp-content\/uploads\/2020\/01\/wisthaler_HAW_2782.jpg&#8220; show_in_lightbox=&#8220;on&#8220; use_overlay=&#8220;on&#8220; overlay_icon_color=&#8220;#575757&#8243; hover_overlay_color=&#8220;rgba(255,255,255,0.25)&#8220; _builder_version=&#8220;4.16&#8243; global_colors_info=&#8220;{}&#8220;][\/et_pb_image][et_pb_image src=&#8220;https:\/\/www.wisthaler.com\/wp-content\/uploads\/2020\/01\/wisthaler_60x120.jpg&#8220; show_in_lightbox=&#8220;on&#8220; use_overlay=&#8220;on&#8220; overlay_icon_color=&#8220;#575757&#8243; hover_overlay_color=&#8220;rgba(255,255,255,0.25)&#8220; _builder_version=&#8220;4.16&#8243; custom_padding=&#8220;|||80px||&#8220; custom_padding_tablet=&#8220;|||0px|false|false&#8220; custom_padding_phone=&#8220;&#8220; custom_padding_last_edited=&#8220;on|tablet&#8220; global_colors_info=&#8220;{}&#8220;][\/et_pb_image][et_pb_image src=&#8220;https:\/\/www.wisthaler.com\/wp-content\/uploads\/2020\/03\/3.jpg&#8220; show_in_lightbox=&#8220;on&#8220; use_overlay=&#8220;on&#8220; overlay_icon_color=&#8220;#575757&#8243; hover_overlay_color=&#8220;rgba(255,255,255,0.25)&#8220; _builder_version=&#8220;4.16&#8243; global_colors_info=&#8220;{}&#8220;][\/et_pb_image][\/et_pb_column][et_pb_column type=&#8220;1_2&#8243; _builder_version=&#8220;4.16&#8243; global_colors_info=&#8220;{}&#8220;][et_pb_image src=&#8220;https:\/\/www.wisthaler.com\/wp-content\/uploads\/2025\/04\/\u00a9wisthaler.com_23_11_licht_brk__HW91341_klein.jpg&#8220; show_in_lightbox=&#8220;on&#8220; use_overlay=&#8220;on&#8220; overlay_icon_color=&#8220;#575757&#8243; hover_overlay_color=&#8220;rgba(255,255,255,0.25)&#8220; _builder_version=&#8220;4.27.4&#8243; hover_enabled=&#8220;0&#8243; global_colors_info=&#8220;{}&#8220; title_text=&#8220;\u00a9wisthaler.com_23_11_licht_brk__HW91341_klein&#8220; sticky_enabled=&#8220;0&#8243;][\/et_pb_image][et_pb_image src=&#8220;https:\/\/www.wisthaler.com\/wp-content\/uploads\/2020\/01\/wisthaler_HAW_6294.jpg&#8220; show_in_lightbox=&#8220;on&#8220; use_overlay=&#8220;on&#8220; overlay_icon_color=&#8220;#575757&#8243; hover_overlay_color=&#8220;rgba(255,255,255,0.25)&#8220; _builder_version=&#8220;4.16&#8243; global_colors_info=&#8220;{}&#8220;][\/et_pb_image][et_pb_image src=&#8220;https:\/\/www.wisthaler.com\/wp-content\/uploads\/2020\/01\/wisthaler_HAW_2754.jpg&#8220; show_in_lightbox=&#8220;on&#8220; use_overlay=&#8220;on&#8220; overlay_icon_color=&#8220;#575757&#8243; hover_overlay_color=&#8220;rgba(255,255,255,0.25)&#8220; _builder_version=&#8220;4.16&#8243; custom_padding=&#8220;|109px||||&#8220; custom_padding_tablet=&#8220;|0px|||false|false&#8220; custom_padding_phone=&#8220;&#8220; custom_padding_last_edited=&#8220;on|tablet&#8220; global_colors_info=&#8220;{}&#8220;][\/et_pb_image][et_pb_image src=&#8220;https:\/\/www.wisthaler.com\/wp-content\/uploads\/2020\/01\/wisthaler_HAW_6254.jpg&#8220; show_in_lightbox=&#8220;on&#8220; use_overlay=&#8220;on&#8220; overlay_icon_color=&#8220;#575757&#8243; hover_overlay_color=&#8220;rgba(255,255,255,0.25)&#8220; _builder_version=&#8220;4.16&#8243; global_colors_info=&#8220;{}&#8220;][\/et_pb_image][et_pb_image src=&#8220;https:\/\/www.wisthaler.com\/wp-content\/uploads\/2020\/01\/wisthaler_HAW_5699.jpg&#8220; show_in_lightbox=&#8220;on&#8220; use_overlay=&#8220;on&#8220; overlay_icon_color=&#8220;#575757&#8243; hover_overlay_color=&#8220;rgba(255,255,255,0.25)&#8220; _builder_version=&#8220;4.16&#8243; custom_padding=&#8220;|95px||||&#8220; custom_padding_tablet=&#8220;|0px|||false|false&#8220; custom_padding_phone=&#8220;&#8220; custom_padding_last_edited=&#8220;on|tablet&#8220; global_colors_info=&#8220;{}&#8220;][\/et_pb_image][et_pb_image src=&#8220;https:\/\/www.wisthaler.com\/wp-content\/uploads\/2020\/01\/wisthaler_12_11_Lanz_KUZ_HAW_0237.jpg&#8220; show_in_lightbox=&#8220;on&#8220; use_overlay=&#8220;on&#8220; overlay_icon_color=&#8220;#575757&#8243; hover_overlay_color=&#8220;rgba(255,255,255,0.25)&#8220; _builder_version=&#8220;4.16&#8243; global_colors_info=&#8220;{}&#8220;][\/et_pb_image][\/et_pb_column][\/et_pb_row][et_pb_row _builder_version=&#8220;4.0.11&#8243; custom_padding=&#8220;58px|||||&#8220; global_module=&#8220;50&#8243; saved_tabs=&#8220;all&#8220; global_colors_info=&#8220;{}&#8220;][et_pb_column type=&#8220;4_4&#8243; _builder_version=&#8220;4.16&#8243; global_colors_info=&#8220;{}&#8220;][et_pb_text _builder_version=&#8220;4.16&#8243; text_font=&#8220;|||on|||||&#8220; text_font_size=&#8220;16px&#8220; global_colors_info=&#8220;{}&#8220;]<\/p>\n<p class=\"p1\"><span class=\"s1\">Vai a:\u00a0\u00a0<strong><a href=\"http:\/\/web1224.dd9.firma5.com\/index.php\/portfolio\/sport-sommer\/\">Sport Estivo<\/a><span class=\"s2\">\u00a0 <em>\/<\/em>\u00a0 <\/span><\/strong><\/span><strong><span class=\"s2\"><a href=\"https:\/\/www.wisthaler.com\/index.php\/portfolio\/sport-invernale\/?lang=it\">Sport Invernale<\/a>\u00a0\u00a0<em>\/\u00a0<\/em>\u00a0<a href=\"https:\/\/www.wisthaler.com\/index.php\/portfolio\/aziende\/?lang=it\">Aziende<\/a>\u00a0\u00a0<em>\/\u00a0<\/em>\u00a0<a href=\"https:\/\/www.wisthaler.com\/index.php\/portfolio\/turismo\/?lang=it\">Turismo<\/a>\u00a0\u00a0<em>\/<\/em>\u00a0 <a href=\"https:\/\/www.wisthaler.com\/index.php\/portfolio\/architettura\/?lang=it\">Architettura<\/a>\u00a0 <em>\/<\/em>\u00a0 <a href=\"https:\/\/www.wisthaler.com\/index.php\/portfolio\/natura\/?lang=it\">Natura<\/a>\u00a0\u00a0<em>\/<\/em>\u00a0 <a href=\"https:\/\/www.wisthaler.com\/index.php\/portfolio\/astratto\/?lang=it\">Astratto<\/a><\/span><\/strong><\/p>\n<p>[\/et_pb_text][\/et_pb_column][\/et_pb_row][\/et_pb_section]<\/p>\n","protected":false},"excerpt":{"rendered":"<p>Per me, la fotografia astratta \u00e8 la combinazione tra luce e natura. Con la fotografia della luce posso mostrare ci\u00f2 che normalmente \u00e8 immerso nel buio. Riesco letteralmente a portarlo \u201calla luce del giorno\u201d.Vai a:\u00a0\u00a0Sport Estivo\u00a0 \/\u00a0 Sport Invernale\u00a0\u00a0\/\u00a0\u00a0Aziende\u00a0\u00a0\/\u00a0\u00a0Turismo\u00a0\u00a0\/\u00a0 Architettura\u00a0 \/\u00a0 Natura\u00a0\u00a0\/\u00a0 Astratto<\/p>\n","protected":false},"author":1,"featured_media":0,"parent":847,"menu_order":34,"comment_status":"closed","ping_status":"closed","template":"","meta":{"_et_pb_use_builder":"on","_et_pb_old_content":"","_et_gb_content_width":"","footnotes":""},"class_list":["post-856","page","type-page","status-publish","hentry"],"_links":{"self":[{"href":"https:\/\/www.wisthaler.com\/index.php\/wp-json\/wp\/v2\/pages\/856","targetHints":{"allow":["GET"]}}],"collection":[{"href":"https:\/\/www.wisthaler.com\/index.php\/wp-json\/wp\/v2\/pages"}],"about":[{"href":"https:\/\/www.wisthaler.com\/index.php\/wp-json\/wp\/v2\/types\/page"}],"author":[{"embeddable":true,"href":"https:\/\/www.wisthaler.com\/index.php\/wp-json\/wp\/v2\/users\/1"}],"replies":[{"embeddable":true,"href":"https:\/\/www.wisthaler.com\/index.php\/wp-json\/wp\/v2\/comments?post=856"}],"version-history":[{"count":11,"href":"https:\/\/www.wisthaler.com\/index.php\/wp-json\/wp\/v2\/pages\/856\/revisions"}],"predecessor-version":[{"id":2971,"href":"https:\/\/www.wisthaler.com\/index.php\/wp-json\/wp\/v2\/pages\/856\/revisions\/2971"}],"up":[{"embeddable":true,"href":"https:\/\/www.wisthaler.com\/index.php\/wp-json\/wp\/v2\/pages\/847"}],"wp:attachment":[{"href":"https:\/\/www.wisthaler.com\/index.php\/wp-json\/wp\/v2\/media?parent=856"}],"curies":[{"name":"wp","href":"https:\/\/api.w.org\/{rel}","templated":true}]}}