{"id":2,"date":"2020-01-09T09:33:25","date_gmt":"2020-01-09T08:33:25","guid":{"rendered":"http:\/\/www.wisthaler.com\/?page_id=2"},"modified":"2025-05-05T11:47:21","modified_gmt":"2025-05-05T09:47:21","slug":"home","status":"publish","type":"page","link":"https:\/\/www.wisthaler.com\/","title":{"rendered":"Home"},"content":{"rendered":"<p>[et_pb_section fb_built=&#8220;1&#8243; _builder_version=&#8220;4.16&#8243; background_color=&#8220;rgba(0,0,0,0)&#8220; transform_scale_last_edited=&#8220;off|desktop&#8220; transform_translate_last_edited=&#8220;off|desktop&#8220; transform_rotate_last_edited=&#8220;off|desktop&#8220; transform_skew_last_edited=&#8220;off|desktop&#8220; transform_origin_last_edited=&#8220;off|desktop&#8220; transform_styles_last_edited=&#8220;off|desktop&#8220; width=&#8220;100%&#8220; module_alignment=&#8220;center&#8220; custom_margin=&#8220;||21px||false|false&#8220; custom_padding=&#8220;20px||21px||false|false&#8220; custom_css_main_element=&#8220;display: flex;||flex-wrap: wrap;||align-content: center;&#8220; global_colors_info=&#8220;{}&#8220;][et_pb_row column_structure=&#8220;1_3,1_3,1_3&#8243; disabled_on=&#8220;on|on|off&#8220; _builder_version=&#8220;4.16&#8243; width=&#8220;100vw&#8220; max_width=&#8220;1600px&#8220; module_alignment=&#8220;center&#8220; custom_margin=&#8220;|auto||auto|false|false&#8220; custom_padding=&#8220;0px||0px||false|false&#8220; custom_css_before=&#8220;position: absolute;padding-left:0.4em !important;top: 0;left: 0;right: 0;margin: 0 auto;width: 0px;&#8220; global_colors_info=&#8220;{}&#8220; custom_css_after__hover_enabled=&#8220;on|desktop&#8220;][et_pb_column type=&#8220;1_3&#8243; _builder_version=&#8220;4.16&#8243; custom_css_main_element=&#8220;z-index: 100;&#8220; global_colors_info=&#8220;{}&#8220;][et_pb_gallery gallery_ids=&#8220;2572,2578,2575&#8243; fullwidth=&#8220;on&#8220; module_class=&#8220;disable-lightbox&#8220; _builder_version=&#8220;4.27.4&#8243; _dynamic_attributes=&#8220;link_option_url&#8220; transform_translate=&#8220;3px|0px&#8220; transform_translate_linked=&#8220;off&#8220; width=&#8220;55%&#8220; module_alignment=&#8220;right&#8220; custom_margin=&#8220;||0px|0px|false|false&#8220; custom_padding=&#8220;|||0px|false|false&#8220; animation_style=&#8220;fade&#8220; animation_delay=&#8220;2000ms&#8220; auto=&#8220;on&#8220; auto_speed=&#8220;6000&#8243; link_option_url=&#8220;@ET-DC@eyJkeW5hbWljIjp0cnVlLCJjb250ZW50IjoicG9zdF9saW5rX3VybF9wYWdlIiwic2V0dGluZ3MiOnsicG9zdF9pZCI6IjM2MSJ9fQ==@&#8220; global_colors_info=&#8220;{}&#8220;][\/et_pb_gallery][et_pb_text _builder_version=&#8220;4.16&#8243; text_orientation=&#8220;right&#8220; custom_margin=&#8220;4px|||||&#8220; animation_style=&#8220;fade&#8220; animation_delay=&#8220;2000ms&#8220; global_colors_info=&#8220;{}&#8220;]<\/p>\n<p>ARCHITEKTUR<\/p>\n<p>[\/et_pb_text][et_pb_blurb title=&#8220;Statements&#8220; url=&#8220;@ET-DC@eyJkeW5hbWljIjp0cnVlLCJjb250ZW50IjoicG9zdF9saW5rX3VybF9wYWdlIiwic2V0dGluZ3MiOnsicG9zdF9pZCI6IjE2MiJ9fQ==@&#8220; use_icon=&#8220;on&#8220; font_icon=&#8220;&#x5c;||divi||400&#8243; icon_placement=&#8220;left&#8220; _builder_version=&#8220;4.16&#8243; _dynamic_attributes=&#8220;url,link_option_url&#8220; header_level=&#8220;h2&#8243; header_font=&#8220;||||||||&#8220; custom_padding=&#8220;|58px||99px|false|false&#8220; link_option_url=&#8220;@ET-DC@eyJkeW5hbWljIjp0cnVlLCJjb250ZW50IjoicG9zdF9saW5rX3VybF9wYWdlIiwic2V0dGluZ3MiOnsicG9zdF9pZCI6IjE2MiJ9fQ==@&#8220; global_colors_info=&#8220;{}&#8220;]<\/p>\n<p class=\"p1\"><span class=\"s1\">Sehen Sie selbst, was meine Kunden an mir sch\u00e4tzen!<\/span><\/p>\n<p>[\/et_pb_blurb][et_pb_gallery gallery_ids=&#8220;2564,2561,2567&#8243; fullwidth=&#8220;on&#8220; module_class=&#8220;disable-lightbox&#8220; _builder_version=&#8220;4.27.4&#8243; _dynamic_attributes=&#8220;link_option_url&#8220; transform_translate=&#8220;80px|4px&#8220; transform_translate_linked=&#8220;off&#8220; width=&#8220;90%&#8220; module_alignment=&#8220;right&#8220; custom_margin=&#8220;||9px||false|false&#8220; animation_style=&#8220;fade&#8220; animation_delay=&#8220;3000ms&#8220; auto=&#8220;on&#8220; auto_speed=&#8220;5000&#8243; link_option_url=&#8220;@ET-DC@eyJkeW5hbWljIjp0cnVlLCJjb250ZW50IjoicG9zdF9saW5rX3VybF9wYWdlIiwic2V0dGluZ3MiOnsicG9zdF9pZCI6IjMwOCJ9fQ==@&#8220; border_width_all=&#8220;3px&#8220; border_color_all=&#8220;#575757&#8243; global_colors_info=&#8220;{}&#8220;][\/et_pb_gallery][et_pb_text _builder_version=&#8220;4.16&#8243; custom_margin=&#8220;4px|||135px|false|false&#8220; animation_style=&#8220;fade&#8220; animation_delay=&#8220;3000ms&#8220; global_colors_info=&#8220;{}&#8220;]<\/p>\n<p>NATUR<\/p>\n<p>[\/et_pb_text][\/et_pb_column][et_pb_column type=&#8220;1_3&#8243; _builder_version=&#8220;4.16&#8243; custom_css_main_element=&#8220;z-index: 5;&#8220; global_colors_info=&#8220;{}&#8220; custom_css_main_element_last_edited=&#8220;off|desktop&#8220;][et_pb_gallery gallery_ids=&#8220;2527,2537,2540&#8243; fullwidth=&#8220;on&#8220; module_class=&#8220;disable-lightbox&#8220; _builder_version=&#8220;4.27.4&#8243; _dynamic_attributes=&#8220;link_option_url&#8220; width=&#8220;110%&#8220; custom_margin=&#8220;||0px||false|false&#8220; auto=&#8220;on&#8220; auto_speed=&#8220;6000&#8243; link_option_url=&#8220;@ET-DC@eyJkeW5hbWljIjp0cnVlLCJjb250ZW50IjoicG9zdF9saW5rX3VybF9wYWdlIiwic2V0dGluZ3MiOnsicG9zdF9pZCI6IjEwMyJ9fQ==@&#8220; hover_enabled=&#8220;0&#8243; global_colors_info=&#8220;{}&#8220; sticky_enabled=&#8220;0&#8243;][\/et_pb_gallery][et_pb_text _builder_version=&#8220;4.16&#8243; text_orientation=&#8220;right&#8220; custom_margin=&#8220;4px|||6px|false|false&#8220; global_colors_info=&#8220;{}&#8220;]<\/p>\n<p style=\"text-align: left;\">SPORT SOMMER<\/p>\n<p>[\/et_pb_text][\/et_pb_column][et_pb_column type=&#8220;1_3&#8243; _builder_version=&#8220;4.16&#8243; custom_css_main_element=&#8220;z-index: 10&#8243; global_colors_info=&#8220;{}&#8220;][et_pb_gallery gallery_ids=&#8220;2552,2558,2555,2234&#8243; fullwidth=&#8220;on&#8220; module_class=&#8220;disable-lightbox&#8220; _builder_version=&#8220;4.27.4&#8243; _dynamic_attributes=&#8220;link_option_url&#8220; width=&#8220;80%&#8220; module_alignment=&#8220;left&#8220; custom_margin=&#8220;||-5px||false|false&#8220; custom_padding=&#8220;38px|0px|||false|false&#8220; animation_style=&#8220;fade&#8220; animation_delay=&#8220;1000ms&#8220; auto=&#8220;on&#8220; auto_speed=&#8220;7500&#8243; link_option_url=&#8220;@ET-DC@eyJkeW5hbWljIjp0cnVlLCJjb250ZW50IjoicG9zdF9saW5rX3VybF9wYWdlIiwic2V0dGluZ3MiOnsicG9zdF9pZCI6IjQyOCJ9fQ==@&#8220; border_width_all=&#8220;3px&#8220; border_color_all=&#8220;#575757&#8243; global_colors_info=&#8220;{}&#8220;][\/et_pb_gallery][et_pb_text _builder_version=&#8220;4.16&#8243; custom_margin=&#8220;4px||45px||false|false&#8220; custom_padding=&#8220;4px|58px|2px|58px|false|true&#8220; animation_style=&#8220;fade&#8220; animation_delay=&#8220;1000ms&#8220; global_colors_info=&#8220;{}&#8220;]<\/p>\n<p><span>TOURISMUS<\/span><\/p>\n<p>[\/et_pb_text][et_pb_blurb title=&#8220;Willkommen&#8220; use_icon=&#8220;on&#8220; font_icon=&#8220;&#x5c;||divi||400&#8243; icon_placement=&#8220;left&#8220; content_max_width=&#8220;100%&#8220; disabled_on=&#8220;off|off|off&#8220; module_class=&#8220;welcome&#8220; _builder_version=&#8220;4.16&#8243; header_level=&#8220;h2&#8243; header_font=&#8220;||||||||&#8220; max_height=&#8220;40vh&#8220; custom_margin=&#8220;2px|||||&#8220; custom_padding=&#8220;|0px||48px|false|false&#8220; global_colors_info=&#8220;{}&#8220;]<\/p>\n<p>Jeder, egal ob Sportler, Rennleiter, Marketingchef, Architekt, oder auch ich und du, hat seine eigene Lebensphilosophie. Diese versuche ich mit meinem Objektiv einzufangen und in Bildern wiederzugeben. Doch die Arbeit eines Fotografen pendelt immer zwischen <span>Eigenbild und Fremdbild, und diese stimmen nicht immer \u00fcberein! Machen Sie sich Ihr eigenes Bild meiner Arbeit und sehen Sie, was meine Kunden an mir sch\u00e4tzen!<\/span><\/p>\n<p class=\"p1\"><span class=\"s1\"><i><strong>Harald Wisthaler,\u00a0<\/strong><\/i><\/span><i>Fotograf, spezialisiert auf Sport-, Natur- und Werbefotografie aus S\u00fcdtirol.<span class=\"Apple-converted-space\">\u00a0<\/span><\/i><\/p>\n<p>[\/et_pb_blurb][\/et_pb_column][\/et_pb_row][et_pb_row disabled_on=&#8220;off|off|on&#8220; _builder_version=&#8220;4.16&#8243; width_tablet=&#8220;&#8220; width_phone=&#8220;100%&#8220; width_last_edited=&#8220;on|phone&#8220; max_width=&#8220;65%&#8220; max_width_tablet=&#8220;&#8220; max_width_phone=&#8220;100%&#8220; max_width_last_edited=&#8220;on|phone&#8220; module_alignment=&#8220;center&#8220; custom_margin=&#8220;23px|auto||auto|false|false&#8220; custom_margin_tablet=&#8220;&#8220; custom_margin_phone=&#8220;|0px||0px|false|false&#8220; custom_margin_last_edited=&#8220;on|phone&#8220; custom_padding=&#8220;0px||0px||false|false&#8220; global_colors_info=&#8220;{}&#8220;][et_pb_column type=&#8220;4_4&#8243; _builder_version=&#8220;4.16&#8243; custom_css_main_element=&#8220;z-index: 100;&#8220; global_colors_info=&#8220;{}&#8220;][et_pb_blurb title=&#8220;Welcome&#8220; use_icon=&#8220;on&#8220; font_icon=&#8220;&#x5c;||divi||400&#8243; icon_placement=&#8220;left&#8220; _builder_version=&#8220;4.16&#8243; header_level=&#8220;h2&#8243; header_font=&#8220;||||||||&#8220; width=&#8220;90%&#8220; module_alignment=&#8220;center&#8220; custom_margin=&#8220;||18px|||&#8220; custom_padding=&#8220;|0px||78px||&#8220; custom_padding_tablet=&#8220;&#8220; custom_padding_phone=&#8220;0px|0px||0px|false|false&#8220; custom_padding_last_edited=&#8220;on|phone&#8220; global_colors_info=&#8220;{}&#8220;]<\/p>\n<p class=\"p1\"><span class=\"s1\">Jeder, egal ob Sportler, Rennleiter, Marketingchef oder auch ich selbst, hat seine eigene Lebensphilosophie, die ich versuche mit dem Objektiv einzufangen und in meinen Bildern wiederzugeben.<\/span><\/p>\n<p class=\"p1\"><span class=\"s1\"><i><strong>Harald Wisthaler,<\/strong> Fotograf, spezialisiert auf Sport, Berge und Natur, aus S\u00fcdtirol. <\/i><\/span><\/p>\n<p>[\/et_pb_blurb][et_pb_blurb title=&#8220;Portfolio&#8220; use_icon=&#8220;on&#8220; font_icon=&#8220;&#x5c;||divi||400&#8243; icon_placement=&#8220;left&#8220; _builder_version=&#8220;4.16&#8243; header_level=&#8220;h2&#8243; header_font=&#8220;||||||||&#8220; width=&#8220;90%&#8220; module_alignment=&#8220;center&#8220; custom_margin=&#8220;||-2px|||&#8220; custom_padding=&#8220;|0px||78px||&#8220; custom_padding_tablet=&#8220;&#8220; custom_padding_phone=&#8220;41px|0px|0px|0px|false|false&#8220; custom_padding_last_edited=&#8220;on|phone&#8220; global_colors_info=&#8220;{}&#8220;][\/et_pb_blurb][et_pb_gallery gallery_ids=&#8220;2527,2537,2540&#8243; fullwidth=&#8220;on&#8220; module_class=&#8220;disable-lightbox&#8220; _builder_version=&#8220;4.27.4&#8243; _dynamic_attributes=&#8220;link_option_url&#8220; transform_translate_linked=&#8220;off&#8220; width=&#8220;100%&#8220; module_alignment=&#8220;center&#8220; custom_margin=&#8220;||0px||false|false&#8220; custom_padding=&#8220;|0px||0px|false|false&#8220; animation_style=&#8220;fade&#8220; auto=&#8220;on&#8220; link_option_url=&#8220;@ET-DC@eyJkeW5hbWljIjp0cnVlLCJjb250ZW50IjoicG9zdF9saW5rX3VybF9wYWdlIiwic2V0dGluZ3MiOnsicG9zdF9pZCI6IjEwMyJ9fQ==@&#8220; border_width_all=&#8220;3px&#8220; border_color_all=&#8220;#575757&#8243; global_colors_info=&#8220;{}&#8220;][\/et_pb_gallery][et_pb_text _builder_version=&#8220;4.16&#8243; _dynamic_attributes=&#8220;link_option_url&#8220; text_orientation=&#8220;center&#8220; custom_margin=&#8220;4px|||6px|false|false&#8220; link_option_url=&#8220;@ET-DC@eyJkeW5hbWljIjp0cnVlLCJjb250ZW50IjoicG9zdF9saW5rX3VybF9wYWdlIiwic2V0dGluZ3MiOnsicG9zdF9pZCI6IjEwMyJ9fQ==@&#8220; global_colors_info=&#8220;{}&#8220;]<\/p>\n<p>SPORT SOMMER<\/p>\n<p>[\/et_pb_text][et_pb_gallery gallery_ids=&#8220;2567,2564,2561&#8243; fullwidth=&#8220;on&#8220; module_class=&#8220;disable-lightbox&#8220; _builder_version=&#8220;4.27.4&#8243; _dynamic_attributes=&#8220;link_option_url&#8220; transform_translate_linked=&#8220;off&#8220; module_alignment=&#8220;center&#8220; custom_margin=&#8220;||0px||false|false&#8220; custom_padding=&#8220;|0px||0px|false|false&#8220; animation_style=&#8220;fade&#8220; animation_delay=&#8220;1000ms&#8220; auto=&#8220;on&#8220; auto_speed=&#8220;5000&#8243; link_option_url=&#8220;@ET-DC@eyJkeW5hbWljIjp0cnVlLCJjb250ZW50IjoicG9zdF9saW5rX3VybF9wYWdlIiwic2V0dGluZ3MiOnsicG9zdF9pZCI6IjMwOCJ9fQ==@&#8220; border_width_all=&#8220;3px&#8220; border_color_all=&#8220;#575757&#8243; global_colors_info=&#8220;{}&#8220;][\/et_pb_gallery][et_pb_text _builder_version=&#8220;4.16&#8243; _dynamic_attributes=&#8220;link_option_url&#8220; text_orientation=&#8220;center&#8220; custom_margin=&#8220;||||false|false&#8220; animation_style=&#8220;fade&#8220; animation_delay=&#8220;1000ms&#8220; link_option_url=&#8220;@ET-DC@eyJkeW5hbWljIjp0cnVlLCJjb250ZW50IjoicG9zdF9saW5rX3VybF9wYWdlIiwic2V0dGluZ3MiOnsicG9zdF9pZCI6IjMwOCJ9fQ==@&#8220; global_colors_info=&#8220;{}&#8220;]<\/p>\n<p>NATUR<\/p>\n<p>[\/et_pb_text][et_pb_gallery gallery_ids=&#8220;2552,2555,2558&#8243; fullwidth=&#8220;on&#8220; module_class=&#8220;disable-lightbox&#8220; _builder_version=&#8220;4.27.4&#8243; _dynamic_attributes=&#8220;link_option_url&#8220; custom_margin=&#8220;||-7px||false|false&#8220; custom_padding=&#8220;0px|0px|||false|false&#8220; animation_style=&#8220;fade&#8220; animation_delay=&#8220;1000ms&#8220; auto=&#8220;on&#8220; auto_speed=&#8220;7500&#8243; link_option_url=&#8220;@ET-DC@eyJkeW5hbWljIjp0cnVlLCJjb250ZW50IjoicG9zdF9saW5rX3VybF9wYWdlIiwic2V0dGluZ3MiOnsicG9zdF9pZCI6IjQyOCJ9fQ==@&#8220; border_width_all=&#8220;3px&#8220; border_color_all=&#8220;#575757&#8243; global_colors_info=&#8220;{}&#8220;][\/et_pb_gallery][et_pb_text _builder_version=&#8220;4.16&#8243; text_orientation=&#8220;center&#8220; custom_margin=&#8220;||||false|false&#8220; custom_padding=&#8220;5px||||false|false&#8220; animation_style=&#8220;fade&#8220; animation_delay=&#8220;1000ms&#8220; global_colors_info=&#8220;{}&#8220;]<\/p>\n<p><span>TOURISMUS<\/span><\/p>\n<p>[\/et_pb_text][et_pb_gallery gallery_ids=&#8220;2543,2546,2549&#8243; fullwidth=&#8220;on&#8220; module_class=&#8220;disable-lightbox&#8220; _builder_version=&#8220;4.27.4&#8243; _dynamic_attributes=&#8220;link_option_url&#8220; transform_translate=&#8220;3px|0px&#8220; transform_translate_linked=&#8220;off&#8220; width=&#8220;100%&#8220; module_alignment=&#8220;center&#8220; custom_margin=&#8220;||0px||false|false&#8220; custom_padding=&#8220;||||false|false&#8220; animation_style=&#8220;fade&#8220; animation_delay=&#8220;1000ms&#8220; auto=&#8220;on&#8220; auto_speed=&#8220;6000&#8243; link_option_url=&#8220;@ET-DC@eyJkeW5hbWljIjp0cnVlLCJjb250ZW50IjoicG9zdF9saW5rX3VybF9wYWdlIiwic2V0dGluZ3MiOnsicG9zdF9pZCI6IjM2MSJ9fQ==@&#8220; global_colors_info=&#8220;{}&#8220;][\/et_pb_gallery][et_pb_text _builder_version=&#8220;4.16&#8243; text_orientation=&#8220;center&#8220; custom_margin=&#8220;4px||62px|||&#8220; animation_style=&#8220;fade&#8220; animation_delay=&#8220;1000ms&#8220; global_colors_info=&#8220;{}&#8220;]<\/p>\n<p>ARCHITEKTUR<\/p>\n<p>[\/et_pb_text][et_pb_blurb title=&#8220;Statements&#8220; url=&#8220;@ET-DC@eyJkeW5hbWljIjp0cnVlLCJjb250ZW50IjoicG9zdF9saW5rX3VybF9wYWdlIiwic2V0dGluZ3MiOnsicG9zdF9pZCI6IjE2MiJ9fQ==@&#8220; use_icon=&#8220;on&#8220; font_icon=&#8220;&#x5c;||divi||400&#8243; icon_placement=&#8220;left&#8220; content_max_width_tablet=&#8220;&#8220; content_max_width_phone=&#8220;100%&#8220; content_max_width_last_edited=&#8220;on|phone&#8220; _builder_version=&#8220;4.16&#8243; _dynamic_attributes=&#8220;url,link_option_url&#8220; header_level=&#8220;h2&#8243; header_font=&#8220;||||||||&#8220; max_width=&#8220;90%&#8220; module_alignment=&#8220;center&#8220; custom_margin=&#8220;17px|||||&#8220; custom_padding=&#8220;|0px||0px|false|false&#8220; link_option_url=&#8220;@ET-DC@eyJkeW5hbWljIjp0cnVlLCJjb250ZW50IjoicG9zdF9saW5rX3VybF9wYWdlIiwic2V0dGluZ3MiOnsicG9zdF9pZCI6IjE2MiJ9fQ==@&#8220; global_colors_info=&#8220;{}&#8220;]<\/p>\n<p class=\"p1\"><span class=\"s1\">Sehen Sie selbst, was meine Kunden an mir sch\u00e4tzen!<\/span><\/p>\n<p>[\/et_pb_blurb][\/et_pb_column][\/et_pb_row][\/et_pb_section]<\/p>\n","protected":false},"excerpt":{"rendered":"<p>ARCHITEKTURSehen Sie selbst, was meine Kunden an mir sch\u00e4tzen!NATURSPORT SOMMERTOURISMUSJeder, egal ob Sportler, Rennleiter, Marketingchef, Architekt, oder auch ich und du, hat seine eigene Lebensphilosophie. Diese versuche ich mit meinem Objektiv einzufangen und in Bildern wiederzugeben. Doch die Arbeit eines Fotografen pendelt immer zwischen Eigenbild und Fremdbild, und diese stimmen nicht immer \u00fcberein! Machen Sie [&hellip;]<\/p>\n","protected":false},"author":1,"featured_media":0,"parent":0,"menu_order":10,"comment_status":"closed","ping_status":"closed","template":"","meta":{"_et_pb_use_builder":"on","_et_pb_old_content":"<!-- wp:paragraph -->\n<p>Dies ist eine Beispiel-Seite. Sie unterscheidet sich von Beitr\u00e4gen, da sie stets an derselben Stelle bleibt und (bei den meisten Themes) in der Website-Navigation angezeigt wird. Die meisten starten mit einem Impressum, der Datenschutzerkl\u00e4rung oder einer \u201e\u00dcber&nbsp;uns\u201c-Seite, um sich potenziellen Besuchern der Website vorzustellen. Dort k\u00f6nnte zum Beispiel stehen:<\/p>\n<!-- \/wp:paragraph -->\n\n<!-- wp:quote -->\n<blockquote class=\"wp-block-quote\"><p>Hallo! Tags\u00fcber arbeite ich als Fahrradkurier, nachts bin ich ein aufstrebender Schauspieler und dies hier ist meine Website. Ich lebe in Berlin, habe einen gro\u00dfen Hund namens Jack, mag Pi&#241;a Coladas, jedoch weniger (ohne Schirm) im Regen stehen gelassen zu werden.<\/p><\/blockquote>\n<!-- \/wp:quote -->\n\n<!-- wp:paragraph -->\n<p>...oder so etwas wie das hier:<\/p>\n<!-- \/wp:paragraph -->\n\n<!-- wp:quote -->\n<blockquote class=\"wp-block-quote\"><p>Das Unternehmen XYZ wurde 1971 gegr\u00fcndet und versorgt die \u00d6ffentlichkeit seither mit qualitativ hochwertigen Produkten. An seinem Standort in einer kleinen Gro\u00dfstadt besch\u00e4ftigt der Betrieb \u00fcber 2.000 Menschen und unterst\u00fctzt die Stadtbewohner in vielfacher Hinsicht.<\/p><\/blockquote>\n<!-- \/wp:quote -->\n\n<!-- wp:paragraph -->\n<p>Als neuer WordPress-Benutzer solltest du <a href=\"http:\/\/www.wisthaler.com\/wp-admin\/\">dein Dashboard<\/a> aufrufen, um diese Seite zu l\u00f6schen und neue Seiten und Beitr\u00e4ge f\u00fcr deine Website erstellen. Viel Spa\u00df!<\/p>\n<!-- \/wp:paragraph -->","_et_gb_content_width":"","footnotes":""},"class_list":["post-2","page","type-page","status-publish","hentry"],"_links":{"self":[{"href":"https:\/\/www.wisthaler.com\/index.php\/wp-json\/wp\/v2\/pages\/2","targetHints":{"allow":["GET"]}}],"collection":[{"href":"https:\/\/www.wisthaler.com\/index.php\/wp-json\/wp\/v2\/pages"}],"about":[{"href":"https:\/\/www.wisthaler.com\/index.php\/wp-json\/wp\/v2\/types\/page"}],"author":[{"embeddable":true,"href":"https:\/\/www.wisthaler.com\/index.php\/wp-json\/wp\/v2\/users\/1"}],"replies":[{"embeddable":true,"href":"https:\/\/www.wisthaler.com\/index.php\/wp-json\/wp\/v2\/comments?post=2"}],"version-history":[{"count":151,"href":"https:\/\/www.wisthaler.com\/index.php\/wp-json\/wp\/v2\/pages\/2\/revisions"}],"predecessor-version":[{"id":2916,"href":"https:\/\/www.wisthaler.com\/index.php\/wp-json\/wp\/v2\/pages\/2\/revisions\/2916"}],"wp:attachment":[{"href":"https:\/\/www.wisthaler.com\/index.php\/wp-json\/wp\/v2\/media?parent=2"}],"curies":[{"name":"wp","href":"https:\/\/api.w.org\/{rel}","templated":true}]}}